{"id":286,"date":"2019-10-04T07:05:52","date_gmt":"2019-10-04T07:05:52","guid":{"rendered":"https:\/\/bridge259.qodeinteractive.com\/?page_id=286"},"modified":"2024-01-11T00:08:00","modified_gmt":"2024-01-11T03:08:00","slug":"cursos","status":"publish","type":"page","link":"https:\/\/meditai.com.br\/web\/index.php\/cursos\/","title":{"rendered":"Cursos"},"content":{"rendered":"\t\t<div data-elementor-type=\"wp-page\" data-elementor-id=\"286\" class=\"elementor elementor-286\">\n\t\t\t\t\t\t\t\t\t<section class=\"elementor-section elementor-top-section elementor-element elementor-element-24b9271 elementor-section-boxed elementor-section-height-default elementor-section-height-default parallax_section_no qode_elementor_container_no\" data-id=\"24b9271\" data-element_type=\"section\">\n\t\t\t\t\t\t<div class=\"elementor-container elementor-column-gap-default\">\n\t\t\t\t\t<div class=\"elementor-column elementor-col-100 elementor-top-column elementor-element elementor-element-a28b918\" data-id=\"a28b918\" data-element_type=\"column\">\n\t\t\t<div class=\"elementor-widget-wrap elementor-element-populated\">\n\t\t\t\t\t\t\t\t<div class=\"elementor-element elementor-element-b79aed8 elementor-widget elementor-widget-text-editor\" data-id=\"b79aed8\" data-element_type=\"widget\" data-widget_type=\"text-editor.default\">\n\t\t\t\t<div class=\"elementor-widget-container\">\n\t\t\t<style>\/*! elementor - v3.18.0 - 08-12-2023 *\/\n.elementor-widget-text-editor.elementor-drop-cap-view-stacked .elementor-drop-cap{background-color:#69727d;color:#fff}.elementor-widget-text-editor.elementor-drop-cap-view-framed .elementor-drop-cap{color:#69727d;border:3px solid;background-color:transparent}.elementor-widget-text-editor:not(.elementor-drop-cap-view-default) .elementor-drop-cap{margin-top:8px}.elementor-widget-text-editor:not(.elementor-drop-cap-view-default) .elementor-drop-cap-letter{width:1em;height:1em}.elementor-widget-text-editor .elementor-drop-cap{float:left;text-align:center;line-height:1;font-size:50px}.elementor-widget-text-editor .elementor-drop-cap-letter{display:inline-block}<\/style>\t\t\t\t<p>Muita coisa acontecendo<\/p>\t\t\t\t\t\t<\/div>\n\t\t\t\t<\/div>\n\t\t\t\t<div class=\"elementor-element elementor-element-70284ba elementor-widget elementor-widget-text-editor\" data-id=\"70284ba\" data-element_type=\"widget\" data-widget_type=\"text-editor.default\">\n\t\t\t\t<div class=\"elementor-widget-container\">\n\t\t\t\t\t\t\t<h2>NOSSOS CURSOS<\/h2>\t\t\t\t\t\t<\/div>\n\t\t\t\t<\/div>\n\t\t\t\t<div class=\"elementor-element elementor-element-027e776 elementor-widget elementor-widget-text-editor\" data-id=\"027e776\" data-element_type=\"widget\" data-widget_type=\"text-editor.default\">\n\t\t\t\t<div class=\"elementor-widget-container\">\n\t\t\t\t\t\t\t<p>Nosso objetivo \u00e9 ser um trampolim para voc\u00ea. Queremos cooperar com o que Deus lhe deu. <br \/>Aqui vamos fazer cursos acess\u00edveis, din\u00e2micos e acima disso queremos criar uma comunidade que compartilha talentos.<\/p>\t\t\t\t\t\t<\/div>\n\t\t\t\t<\/div>\n\t\t\t\t<div class=\"elementor-element elementor-element-65a8880 elementor-widget elementor-widget-text-editor\" data-id=\"65a8880\" data-element_type=\"widget\" data-widget_type=\"text-editor.default\">\n\t\t\t\t<div class=\"elementor-widget-container\">\n\t\t\t\t\t\t\t<h3>Cursos lan\u00e7ados<\/h3>\t\t\t\t\t\t<\/div>\n\t\t\t\t<\/div>\n\t\t\t\t\t<\/div>\n\t\t<\/div>\n\t\t\t\t\t\t\t<\/div>\n\t\t<\/section>\n\t\t\t\t<section class=\"elementor-section elementor-top-section elementor-element elementor-element-0ac36ee elementor-section-boxed elementor-section-height-default elementor-section-height-default parallax_section_no qode_elementor_container_no\" data-id=\"0ac36ee\" data-element_type=\"section\">\n\t\t\t\t\t\t<div class=\"elementor-container elementor-column-gap-default\">\n\t\t\t\t\t<div class=\"elementor-column elementor-col-100 elementor-top-column elementor-element elementor-element-b16494a\" data-id=\"b16494a\" data-element_type=\"column\">\n\t\t\t<div class=\"elementor-widget-wrap elementor-element-populated\">\n\t\t\t\t\t\t\t\t<section class=\"elementor-section elementor-inner-section elementor-element elementor-element-a79c368 elementor-section-boxed elementor-section-height-default elementor-section-height-default parallax_section_no qode_elementor_container_no\" data-id=\"a79c368\" data-element_type=\"section\">\n\t\t\t\t\t\t<div class=\"elementor-container elementor-column-gap-default\">\n\t\t\t\t\t<div class=\"elementor-column elementor-col-50 elementor-inner-column elementor-element elementor-element-ff9b96a\" data-id=\"ff9b96a\" data-element_type=\"column\">\n\t\t\t<div class=\"elementor-widget-wrap elementor-element-populated\">\n\t\t\t\t\t\t\t\t<div class=\"elementor-element elementor-element-e0178ad elementor-widget elementor-widget-image\" data-id=\"e0178ad\" data-element_type=\"widget\" data-widget_type=\"image.default\">\n\t\t\t\t<div class=\"elementor-widget-container\">\n\t\t\t<style>\/*! elementor - v3.18.0 - 08-12-2023 *\/\n.elementor-widget-image{text-align:center}.elementor-widget-image a{display:inline-block}.elementor-widget-image a img[src$=\".svg\"]{width:48px}.elementor-widget-image img{vertical-align:middle;display:inline-block}<\/style>\t\t\t\t\t\t\t\t\t\t\t\t\t<a href=\"https:\/\/meditai.com.br\/web\/index.php\/curso-producao-de-video-meditai-academy\/\">\n\t\t\t\t\t\t\t<img fetchpriority=\"high\" decoding=\"async\" width=\"1024\" height=\"1024\" src=\"https:\/\/meditai.com.br\/web\/wp-content\/uploads\/2023\/11\/capa-video.jpg\" class=\"attachment-large size-large wp-image-929\" alt=\"\" srcset=\"https:\/\/meditai.com.br\/web\/wp-content\/uploads\/2023\/11\/capa-video.jpg 1024w, https:\/\/meditai.com.br\/web\/wp-content\/uploads\/2023\/11\/capa-video-300x300.jpg 300w, https:\/\/meditai.com.br\/web\/wp-content\/uploads\/2023\/11\/capa-video-150x150.jpg 150w, https:\/\/meditai.com.br\/web\/wp-content\/uploads\/2023\/11\/capa-video-768x768.jpg 768w, https:\/\/meditai.com.br\/web\/wp-content\/uploads\/2023\/11\/capa-video-570x570.jpg 570w, https:\/\/meditai.com.br\/web\/wp-content\/uploads\/2023\/11\/capa-video-500x500.jpg 500w, https:\/\/meditai.com.br\/web\/wp-content\/uploads\/2023\/11\/capa-video-1000x1000.jpg 1000w, https:\/\/meditai.com.br\/web\/wp-content\/uploads\/2023\/11\/capa-video-700x700.jpg 700w, https:\/\/meditai.com.br\/web\/wp-content\/uploads\/2023\/11\/capa-video-650x650.jpg 650w\" sizes=\"(max-width: 1024px) 100vw, 1024px\" \/>\t\t\t\t\t\t\t\t<\/a>\n\t\t\t\t\t\t\t\t\t\t\t\t\t\t\t<\/div>\n\t\t\t\t<\/div>\n\t\t\t\t\t<\/div>\n\t\t<\/div>\n\t\t\t\t<div class=\"elementor-column elementor-col-50 elementor-inner-column elementor-element elementor-element-a8df3ec\" data-id=\"a8df3ec\" data-element_type=\"column\">\n\t\t\t<div class=\"elementor-widget-wrap elementor-element-populated\">\n\t\t\t\t\t\t\t\t<div class=\"elementor-element elementor-element-10eafa8 elementor-widget elementor-widget-image\" data-id=\"10eafa8\" data-element_type=\"widget\" data-widget_type=\"image.default\">\n\t\t\t\t<div class=\"elementor-widget-container\">\n\t\t\t\t\t\t\t\t\t\t\t\t\t\t\t\t<a href=\"https:\/\/meditai.com.br\/web\/index.php\/curso-linhas-escatologicas-meditai-academy\/\">\n\t\t\t\t\t\t\t<img decoding=\"async\" width=\"1024\" height=\"1024\" src=\"https:\/\/meditai.com.br\/web\/wp-content\/uploads\/2023\/11\/linhas-escatologicas.jpg\" class=\"attachment-large size-large wp-image-912\" alt=\"\" srcset=\"https:\/\/meditai.com.br\/web\/wp-content\/uploads\/2023\/11\/linhas-escatologicas.jpg 1024w, https:\/\/meditai.com.br\/web\/wp-content\/uploads\/2023\/11\/linhas-escatologicas-300x300.jpg 300w, https:\/\/meditai.com.br\/web\/wp-content\/uploads\/2023\/11\/linhas-escatologicas-150x150.jpg 150w, https:\/\/meditai.com.br\/web\/wp-content\/uploads\/2023\/11\/linhas-escatologicas-768x768.jpg 768w, https:\/\/meditai.com.br\/web\/wp-content\/uploads\/2023\/11\/linhas-escatologicas-570x570.jpg 570w, https:\/\/meditai.com.br\/web\/wp-content\/uploads\/2023\/11\/linhas-escatologicas-500x500.jpg 500w, https:\/\/meditai.com.br\/web\/wp-content\/uploads\/2023\/11\/linhas-escatologicas-1000x1000.jpg 1000w, https:\/\/meditai.com.br\/web\/wp-content\/uploads\/2023\/11\/linhas-escatologicas-700x700.jpg 700w, https:\/\/meditai.com.br\/web\/wp-content\/uploads\/2023\/11\/linhas-escatologicas-650x650.jpg 650w\" sizes=\"(max-width: 1024px) 100vw, 1024px\" \/>\t\t\t\t\t\t\t\t<\/a>\n\t\t\t\t\t\t\t\t\t\t\t\t\t\t\t<\/div>\n\t\t\t\t<\/div>\n\t\t\t\t\t<\/div>\n\t\t<\/div>\n\t\t\t\t\t\t\t<\/div>\n\t\t<\/section>\n\t\t\t\t<div class=\"elementor-element elementor-element-99bff8d elementor-widget elementor-widget-text-editor\" data-id=\"99bff8d\" data-element_type=\"widget\" data-widget_type=\"text-editor.default\">\n\t\t\t\t<div class=\"elementor-widget-container\">\n\t\t\t\t\t\t\t<h3>Cursos no forno<\/h3>\t\t\t\t\t\t<\/div>\n\t\t\t\t<\/div>\n\t\t\t\t<div class=\"elementor-element elementor-element-91f3bc9 elementor-widget elementor-widget-image\" data-id=\"91f3bc9\" data-element_type=\"widget\" data-widget_type=\"image.default\">\n\t\t\t\t<div class=\"elementor-widget-container\">\n\t\t\t\t\t\t\t\t\t\t\t\t\t\t\t<img decoding=\"async\" width=\"300\" height=\"300\" src=\"https:\/\/meditai.com.br\/web\/wp-content\/uploads\/2023\/11\/igreja-apologetica2-300x300.jpg\" class=\"attachment-medium size-medium wp-image-928\" alt=\"\" srcset=\"https:\/\/meditai.com.br\/web\/wp-content\/uploads\/2023\/11\/igreja-apologetica2-300x300.jpg 300w, https:\/\/meditai.com.br\/web\/wp-content\/uploads\/2023\/11\/igreja-apologetica2-150x150.jpg 150w, https:\/\/meditai.com.br\/web\/wp-content\/uploads\/2023\/11\/igreja-apologetica2-768x768.jpg 768w, https:\/\/meditai.com.br\/web\/wp-content\/uploads\/2023\/11\/igreja-apologetica2-570x570.jpg 570w, https:\/\/meditai.com.br\/web\/wp-content\/uploads\/2023\/11\/igreja-apologetica2-500x500.jpg 500w, https:\/\/meditai.com.br\/web\/wp-content\/uploads\/2023\/11\/igreja-apologetica2-1000x1000.jpg 1000w, https:\/\/meditai.com.br\/web\/wp-content\/uploads\/2023\/11\/igreja-apologetica2-700x700.jpg 700w, https:\/\/meditai.com.br\/web\/wp-content\/uploads\/2023\/11\/igreja-apologetica2-650x650.jpg 650w, https:\/\/meditai.com.br\/web\/wp-content\/uploads\/2023\/11\/igreja-apologetica2.jpg 1024w\" sizes=\"(max-width: 300px) 100vw, 300px\" \/>\t\t\t\t\t\t\t\t\t\t\t\t\t\t\t<\/div>\n\t\t\t\t<\/div>\n\t\t\t\t<div class=\"elementor-element elementor-element-d2d14f9 elementor-widget elementor-widget-text-editor\" data-id=\"d2d14f9\" data-element_type=\"widget\" data-widget_type=\"text-editor.default\">\n\t\t\t\t<div class=\"elementor-widget-container\">\n\t\t\t\t\t\t\t<h3>Cursos ainda na massa<\/h3>\t\t\t\t\t\t<\/div>\n\t\t\t\t<\/div>\n\t\t\t\t<div class=\"elementor-element elementor-element-302f67c elementor-widget elementor-widget-qi_addons_for_elementor_image_gallery\" data-id=\"302f67c\" data-element_type=\"widget\" data-widget_type=\"qi_addons_for_elementor_image_gallery.default\">\n\t\t\t\t<div class=\"elementor-widget-container\">\n\t\t\t<div class=\"qodef-shortcode qodef-m  qodef-qi-image-gallery qodef-qi-fslightbox-popup qodef-popup-gallery qodef-image--hover-zoom  qodef-qi-grid qodef-layout--qi-columns  qodef-col-num--3   qodef-responsive--predefined\">\n\t<div class=\"qodef-grid-inner\">\n\t\t<div class=\"qodef-e qodef-image-wrapper qodef-grid-item\">\n\t<div class=\"qodef-e-inner\">\n\t\t\t\t\t<a class=\"qodef-popup-item\" itemprop=\"image\" href=\"https:\/\/meditai.com.br\/web\/wp-content\/uploads\/2024\/01\/Capa-Teologia-Publica.jpg\" data-type=\"image\" data-fslightbox=\"gallery-737\">\n\t\t\t\t\t\t<img loading=\"lazy\" decoding=\"async\" width=\"1024\" height=\"1024\" src=\"https:\/\/meditai.com.br\/web\/wp-content\/uploads\/2024\/01\/Capa-Teologia-Publica.jpg\" class=\"attachment-full size-full\" alt=\"\" srcset=\"https:\/\/meditai.com.br\/web\/wp-content\/uploads\/2024\/01\/Capa-Teologia-Publica.jpg 1024w, https:\/\/meditai.com.br\/web\/wp-content\/uploads\/2024\/01\/Capa-Teologia-Publica-300x300.jpg 300w, https:\/\/meditai.com.br\/web\/wp-content\/uploads\/2024\/01\/Capa-Teologia-Publica-150x150.jpg 150w, https:\/\/meditai.com.br\/web\/wp-content\/uploads\/2024\/01\/Capa-Teologia-Publica-768x768.jpg 768w, https:\/\/meditai.com.br\/web\/wp-content\/uploads\/2024\/01\/Capa-Teologia-Publica-570x570.jpg 570w, https:\/\/meditai.com.br\/web\/wp-content\/uploads\/2024\/01\/Capa-Teologia-Publica-500x500.jpg 500w, https:\/\/meditai.com.br\/web\/wp-content\/uploads\/2024\/01\/Capa-Teologia-Publica-1000x1000.jpg 1000w, https:\/\/meditai.com.br\/web\/wp-content\/uploads\/2024\/01\/Capa-Teologia-Publica-700x700.jpg 700w, https:\/\/meditai.com.br\/web\/wp-content\/uploads\/2024\/01\/Capa-Teologia-Publica-650x650.jpg 650w\" sizes=\"(max-width: 1024px) 100vw, 1024px\" \/>\t\t\t\t\t<\/a>\n\t\t\t<\/div>\n<\/div>\n<div class=\"qodef-e qodef-image-wrapper qodef-grid-item\">\n\t<div class=\"qodef-e-inner\">\n\t\t\t\t\t<a class=\"qodef-popup-item\" itemprop=\"image\" href=\"https:\/\/meditai.com.br\/web\/wp-content\/uploads\/2024\/01\/Curso-Arte-pra-quem.jpg\" data-type=\"image\" data-fslightbox=\"gallery-737\">\n\t\t\t\t\t\t<img loading=\"lazy\" decoding=\"async\" width=\"1024\" height=\"1024\" src=\"https:\/\/meditai.com.br\/web\/wp-content\/uploads\/2024\/01\/Curso-Arte-pra-quem.jpg\" class=\"attachment-full size-full\" alt=\"\" srcset=\"https:\/\/meditai.com.br\/web\/wp-content\/uploads\/2024\/01\/Curso-Arte-pra-quem.jpg 1024w, https:\/\/meditai.com.br\/web\/wp-content\/uploads\/2024\/01\/Curso-Arte-pra-quem-300x300.jpg 300w, https:\/\/meditai.com.br\/web\/wp-content\/uploads\/2024\/01\/Curso-Arte-pra-quem-150x150.jpg 150w, https:\/\/meditai.com.br\/web\/wp-content\/uploads\/2024\/01\/Curso-Arte-pra-quem-768x768.jpg 768w, https:\/\/meditai.com.br\/web\/wp-content\/uploads\/2024\/01\/Curso-Arte-pra-quem-570x570.jpg 570w, https:\/\/meditai.com.br\/web\/wp-content\/uploads\/2024\/01\/Curso-Arte-pra-quem-500x500.jpg 500w, https:\/\/meditai.com.br\/web\/wp-content\/uploads\/2024\/01\/Curso-Arte-pra-quem-1000x1000.jpg 1000w, https:\/\/meditai.com.br\/web\/wp-content\/uploads\/2024\/01\/Curso-Arte-pra-quem-700x700.jpg 700w, https:\/\/meditai.com.br\/web\/wp-content\/uploads\/2024\/01\/Curso-Arte-pra-quem-650x650.jpg 650w\" sizes=\"(max-width: 1024px) 100vw, 1024px\" \/>\t\t\t\t\t<\/a>\n\t\t\t<\/div>\n<\/div>\n<div class=\"qodef-e qodef-image-wrapper qodef-grid-item\">\n\t<div class=\"qodef-e-inner\">\n\t\t\t\t\t<a class=\"qodef-popup-item\" itemprop=\"image\" href=\"https:\/\/meditai.com.br\/web\/wp-content\/uploads\/2024\/01\/curso-criatividade.jpg\" data-type=\"image\" data-fslightbox=\"gallery-737\">\n\t\t\t\t\t\t<img loading=\"lazy\" decoding=\"async\" width=\"1024\" height=\"1024\" src=\"https:\/\/meditai.com.br\/web\/wp-content\/uploads\/2024\/01\/curso-criatividade.jpg\" class=\"attachment-full size-full\" alt=\"\" srcset=\"https:\/\/meditai.com.br\/web\/wp-content\/uploads\/2024\/01\/curso-criatividade.jpg 1024w, https:\/\/meditai.com.br\/web\/wp-content\/uploads\/2024\/01\/curso-criatividade-300x300.jpg 300w, https:\/\/meditai.com.br\/web\/wp-content\/uploads\/2024\/01\/curso-criatividade-150x150.jpg 150w, https:\/\/meditai.com.br\/web\/wp-content\/uploads\/2024\/01\/curso-criatividade-768x768.jpg 768w, https:\/\/meditai.com.br\/web\/wp-content\/uploads\/2024\/01\/curso-criatividade-570x570.jpg 570w, https:\/\/meditai.com.br\/web\/wp-content\/uploads\/2024\/01\/curso-criatividade-500x500.jpg 500w, https:\/\/meditai.com.br\/web\/wp-content\/uploads\/2024\/01\/curso-criatividade-1000x1000.jpg 1000w, https:\/\/meditai.com.br\/web\/wp-content\/uploads\/2024\/01\/curso-criatividade-700x700.jpg 700w, https:\/\/meditai.com.br\/web\/wp-content\/uploads\/2024\/01\/curso-criatividade-650x650.jpg 650w\" sizes=\"(max-width: 1024px) 100vw, 1024px\" \/>\t\t\t\t\t<\/a>\n\t\t\t<\/div>\n<\/div>\n\t<\/div>\n<\/div>\n\t\t<\/div>\n\t\t\t\t<\/div>\n\t\t\t\t\t<\/div>\n\t\t<\/div>\n\t\t\t\t\t\t\t<\/div>\n\t\t<\/section>\n\t\t\t\t\t\t\t<\/div>\n\t\t","protected":false},"excerpt":{"rendered":"<p>Muita coisa acontecendo NOSSOS CURSOS Nosso objetivo \u00e9 ser um trampolim para voc\u00ea. Queremos cooperar com o que Deus lhe deu. Aqui vamos fazer cursos acess\u00edveis, din\u00e2micos e acima disso queremos criar uma comunidade que compartilha talentos. Cursos lan\u00e7ados Cursos no forno Cursos ainda na&#8230;<\/p>\n","protected":false},"author":1,"featured_media":0,"parent":0,"menu_order":0,"comment_status":"closed","ping_status":"closed","template":"","meta":{"_monsterinsights_skip_tracking":false,"_monsterinsights_sitenote_active":false,"_monsterinsights_sitenote_note":"","_monsterinsights_sitenote_category":0,"footnotes":""},"class_list":["post-286","page","type-page","status-publish","hentry"],"aioseo_notices":[],"_links":{"self":[{"href":"https:\/\/meditai.com.br\/web\/index.php\/wp-json\/wp\/v2\/pages\/286","targetHints":{"allow":["GET"]}}],"collection":[{"href":"https:\/\/meditai.com.br\/web\/index.php\/wp-json\/wp\/v2\/pages"}],"about":[{"href":"https:\/\/meditai.com.br\/web\/index.php\/wp-json\/wp\/v2\/types\/page"}],"author":[{"embeddable":true,"href":"https:\/\/meditai.com.br\/web\/index.php\/wp-json\/wp\/v2\/users\/1"}],"replies":[{"embeddable":true,"href":"https:\/\/meditai.com.br\/web\/index.php\/wp-json\/wp\/v2\/comments?post=286"}],"version-history":[{"count":25,"href":"https:\/\/meditai.com.br\/web\/index.php\/wp-json\/wp\/v2\/pages\/286\/revisions"}],"predecessor-version":[{"id":1260,"href":"https:\/\/meditai.com.br\/web\/index.php\/wp-json\/wp\/v2\/pages\/286\/revisions\/1260"}],"wp:attachment":[{"href":"https:\/\/meditai.com.br\/web\/index.php\/wp-json\/wp\/v2\/media?parent=286"}],"curies":[{"name":"wp","href":"https:\/\/api.w.org\/{rel}","templated":true}]}}